{"id":878,"date":"2014-06-03T20:43:05","date_gmt":"2014-06-03T18:43:05","guid":{"rendered":"http:\/\/xn--dmv-thringen-ilb.de\/?page_id=878"},"modified":"2022-04-25T10:42:58","modified_gmt":"2022-04-25T08:42:58","slug":"ausschreibungen","status":"publish","type":"page","link":"http:\/\/xn--dmv-thringen-ilb.de\/?page_id=878","title":{"rendered":"Ausschreibungen"},"content":{"rendered":"<p style=\"text-align: center;\"><span style=\"font-size: small;\"><br \/><em><strong>In der Delegierten Sitzung von der Msj wurde einstimmig entschieden, dass die Jahrg\u00e4nge 1998 und 1997 bei den Msj Vorl\u00e4ufen in der Klasse 6 mit gewertet werden. Dies soll es m\u00f6glich machen, dass sie genauso einen sch\u00f6nen Abschluss im Jugendkart bekommen wie vor Corona. Denn im Jahr 2020 und 2021 war dies Coronabedingt nicht m\u00f6glich.<\/strong> <\/em><\/span><\/p>\n<p style=\"text-align: center;\">\n<table id=\"tablepress-8\" class=\"tablepress tablepress-id-8\">\n<thead>\n<tr class=\"row-1 odd\">\n\t<th class=\"column-1\">Datei<\/th><th class=\"column-2\">Aktualisierung<\/th>\n<\/tr>\n<\/thead>\n<tbody class=\"row-hover\">\n<tr class=\"row-2 even\">\n\t<td class=\"column-1\"><a href=\"http:\/\/xn--dmv-thringen-ilb.de\/wordpress\/wp-content\/uploads\/2026\/03\/Terminplan-2026.pdf\" rel=\"noopener\" target=\"_blank\">Terminplan 2026<\/a><\/td><td class=\"column-2\">08.03.2026<\/td>\n<\/tr>\n<tr class=\"row-3 odd\">\n\t<td class=\"column-1\"><a href=\"http:\/\/xn--dmv-thringen-ilb.de\/wordpress\/wp-content\/uploads\/2026\/03\/Ausschreibung2026.pdf\" rel=\"noopener\" target=\"_blank\">Ausschreibung 2026<\/a><\/td><td class=\"column-2\">08.03.2026<\/td>\n<\/tr>\n<tr class=\"row-4 even\">\n\t<td class=\"column-1\"><a href=\"http:\/\/xn--dmv-thringen-ilb.de\/wordpress\/wp-content\/uploads\/2026\/03\/Einsch-Fahrer-DMV-LG-2026.pdf\" rel=\"noopener\" target=\"_blank\">Einschreibung Fahrer 2026<\/a><\/td><td class=\"column-2\">08.03.2026<\/td>\n<\/tr>\n<tr class=\"row-5 odd\">\n\t<td class=\"column-1\"><a href=\"http:\/\/xn--dmv-thringen-ilb.de\/wordpress\/wp-content\/uploads\/2026\/03\/Mannschaftseinsch-Fahrer-DMV-LG-2026.pdf\" rel=\"noopener\" target=\"_blank\">Einschreibung Mannschaft 2026<\/a><\/td><td class=\"column-2\">08.03.2026<\/td>\n<\/tr>\n<\/tbody>\n<\/table>\n<!-- #tablepress-8 from cache --><\/p>\n<p>\u00a0<\/p>\n<p>\u00a0<\/p>\n<p>\u00a0<\/p>\n<p>\u00a0<\/p>\n\n\n<p><\/p>\n","protected":false},"excerpt":{"rendered":"<p>In der Delegierten Sitzung von der Msj wurde einstimmig entschieden, dass die Jahrg\u00e4nge 1998 und 1997 bei den Msj Vorl\u00e4ufen in der Klasse 6 mit gewertet werden. Dies soll es m\u00f6glich machen, dass sie genauso einen sch\u00f6nen Abschluss im Jugendkart bekommen wie vor Corona. Denn im Jahr 2020 und 2021 war dies Coronabedingt nicht m\u00f6glich. [&hellip;]<\/p>\n","protected":false},"author":3,"featured_media":0,"parent":746,"menu_order":0,"comment_status":"closed","ping_status":"closed","template":"","meta":[],"_links":{"self":[{"href":"http:\/\/xn--dmv-thringen-ilb.de\/index.php?rest_route=\/wp\/v2\/pages\/878"}],"collection":[{"href":"http:\/\/xn--dmv-thringen-ilb.de\/index.php?rest_route=\/wp\/v2\/pages"}],"about":[{"href":"http:\/\/xn--dmv-thringen-ilb.de\/index.php?rest_route=\/wp\/v2\/types\/page"}],"author":[{"embeddable":true,"href":"http:\/\/xn--dmv-thringen-ilb.de\/index.php?rest_route=\/wp\/v2\/users\/3"}],"replies":[{"embeddable":true,"href":"http:\/\/xn--dmv-thringen-ilb.de\/index.php?rest_route=%2Fwp%2Fv2%2Fcomments&post=878"}],"version-history":[{"count":10,"href":"http:\/\/xn--dmv-thringen-ilb.de\/index.php?rest_route=\/wp\/v2\/pages\/878\/revisions"}],"predecessor-version":[{"id":2650,"href":"http:\/\/xn--dmv-thringen-ilb.de\/index.php?rest_route=\/wp\/v2\/pages\/878\/revisions\/2650"}],"up":[{"embeddable":true,"href":"http:\/\/xn--dmv-thringen-ilb.de\/index.php?rest_route=\/wp\/v2\/pages\/746"}],"wp:attachment":[{"href":"http:\/\/xn--dmv-thringen-ilb.de\/index.php?rest_route=%2Fwp%2Fv2%2Fmedia&parent=878"}],"curies":[{"name":"wp","href":"https:\/\/api.w.org\/{rel}","templated":true}]}}