{"id":746,"date":"2014-05-06T10:16:00","date_gmt":"2014-05-06T08:16:00","guid":{"rendered":"http:\/\/xn--dmv-thringen-ilb.de\/?page_id=746"},"modified":"2015-02-18T20:41:02","modified_gmt":"2015-02-18T19:41:02","slug":"2014-kart-ergebnisse","status":"publish","type":"page","link":"http:\/\/xn--dmv-thringen-ilb.de\/?page_id=746","title":{"rendered":"Jugendkartsport"},"content":{"rendered":"<h1 align=\"center\"><span style=\"text-decoration: underline;\">Was ist Jugend &#8211; Kart &#8211; Slalom ? <\/span><\/h1>\n<p align=\"center\">Jugend-Kart-Slaom ist der ideale Einstieg in den Kartsport f\u00fcr Kinder und Jugendliche ab 7 Jahren.<br \/>\nDiese Sportart wird auf ebenen befestigten Pl\u00e4tzen (Asphalt, Pflaster, Beton o.\u00e4.) betrieben.<br \/>\nGefahren\u00a0 wird mit max. 6,5 PS starken Karts (4 Takt Motor).<br \/>\nEs wird ein Hindernis-Parcours aus verschieden Elementen, wie z.B. Toren, geraden und gebogenen Spurgassen, Kreisel, Schweizer Slalom usw., entsprechend der Parcoursregeln aufgebaut. (Gesamtl\u00e4nge 300-500m).<br \/>\nHierf\u00fcr werden Pylonen mit einer H\u00f6he von ca. 50 cm. verwendet.<br \/>\nDieser Parcours ist so schnell wie m\u00f6glich fehlerfrei zu durchfahren.<br \/>\nHier gilt es, Schnelligkeit, Geschicklichkeit und Reaktionsverm\u00f6gen zu beweisen.<br \/>\nDie Technik (Karts, Pylonen usw.) wird vom Verein zur Verf\u00fcgung gestellt.<br \/>\nDie finanziellen Belastungen f\u00fcr die Sportler beschr\u00e4nken sich neben den Club\/DMV-Beitr\u00e4gen auf die Trainingsgeb\u00fchren.<br \/>\nBei Teilnahme an Wettk\u00e4mpfen sind Einschreibegeb\u00fchren und das Nenngeld zu entrichten.<\/p>\n<p>&nbsp;<\/p>\n<p>&nbsp;<\/p>\n<p style=\"text-align: center;\">\n","protected":false},"excerpt":{"rendered":"<p>Was ist Jugend &#8211; Kart &#8211; Slalom ? Jugend-Kart-Slaom ist der ideale Einstieg in den Kartsport f\u00fcr Kinder und Jugendliche ab 7 Jahren. Diese Sportart wird auf ebenen befestigten Pl\u00e4tzen (Asphalt, Pflaster, Beton o.\u00e4.) betrieben. Gefahren\u00a0 wird mit max. 6,5 PS starken Karts (4 Takt Motor). Es wird ein Hindernis-Parcours aus verschieden Elementen, wie z.B. [&hellip;]<\/p>\n","protected":false},"author":2,"featured_media":0,"parent":0,"menu_order":2,"comment_status":"closed","ping_status":"closed","template":"","meta":[],"_links":{"self":[{"href":"http:\/\/xn--dmv-thringen-ilb.de\/index.php?rest_route=\/wp\/v2\/pages\/746"}],"collection":[{"href":"http:\/\/xn--dmv-thringen-ilb.de\/index.php?rest_route=\/wp\/v2\/pages"}],"about":[{"href":"http:\/\/xn--dmv-thringen-ilb.de\/index.php?rest_route=\/wp\/v2\/types\/page"}],"author":[{"embeddable":true,"href":"http:\/\/xn--dmv-thringen-ilb.de\/index.php?rest_route=\/wp\/v2\/users\/2"}],"replies":[{"embeddable":true,"href":"http:\/\/xn--dmv-thringen-ilb.de\/index.php?rest_route=%2Fwp%2Fv2%2Fcomments&post=746"}],"version-history":[{"count":10,"href":"http:\/\/xn--dmv-thringen-ilb.de\/index.php?rest_route=\/wp\/v2\/pages\/746\/revisions"}],"predecessor-version":[{"id":1311,"href":"http:\/\/xn--dmv-thringen-ilb.de\/index.php?rest_route=\/wp\/v2\/pages\/746\/revisions\/1311"}],"wp:attachment":[{"href":"http:\/\/xn--dmv-thringen-ilb.de\/index.php?rest_route=%2Fwp%2Fv2%2Fmedia&parent=746"}],"curies":[{"name":"wp","href":"https:\/\/api.w.org\/{rel}","templated":true}]}}