{"id":23,"date":"2013-12-18T16:29:30","date_gmt":"2013-12-18T15:29:30","guid":{"rendered":"http:\/\/xn--dmv-thringen-ilb.de\/wordpress\/?page_id=23"},"modified":"2016-12-30T19:11:02","modified_gmt":"2016-12-30T18:11:02","slug":"kontakt","status":"publish","type":"page","link":"http:\/\/xn--dmv-thringen-ilb.de\/?page_id=23","title":{"rendered":"Wir \u00fcber uns"},"content":{"rendered":"<p style=\"text-align: left;\">Wir organisieren und f\u00fchren lizenzfreie, regionale Veranstaltungen im Motorrad-Biathlon (MB), Th\u00fcringer Offroad Cup (TOC), im Kartsport und im Rallye durch.<\/p>\n<p style=\"text-align: left;\"><a href=\"http:\/\/dmv-thueringen.de\/wordpress\/wp-content\/uploads\/2015\/06\/cropped-DSC_01351.jpg\"><img decoding=\"async\" loading=\"lazy\" class=\"wp-image-1487 size-medium aligncenter\" src=\"http:\/\/dmv-thueringen.de\/wordpress\/wp-content\/uploads\/2015\/06\/cropped-DSC_01351-300x106.jpg\" width=\"300\" height=\"106\" srcset=\"http:\/\/xn--dmv-thringen-ilb.de\/wordpress\/wp-content\/uploads\/2015\/06\/cropped-DSC_01351-300x106.jpg 300w, http:\/\/xn--dmv-thringen-ilb.de\/wordpress\/wp-content\/uploads\/2015\/06\/cropped-DSC_01351-500x176.jpg 500w, http:\/\/xn--dmv-thringen-ilb.de\/wordpress\/wp-content\/uploads\/2015\/06\/cropped-DSC_01351.jpg 1000w\" sizes=\"(max-width: 300px) 100vw, 300px\" \/><\/a><\/p>\n<p style=\"text-align: left;\"><a href=\"http:\/\/dmv-thueringen.de\/wordpress\/wp-content\/uploads\/2013\/12\/cropped-111-4483-1-150x150.jpg\"><img decoding=\"async\" loading=\"lazy\" class=\"size-full wp-image-1788 aligncenter\" src=\"http:\/\/dmv-thueringen.de\/wordpress\/wp-content\/uploads\/2013\/12\/cropped-111-4483-1-150x150.jpg\" alt=\"\" width=\"150\" height=\"150\" \/><\/a><\/p>\n<p><a href=\"http:\/\/xn--dmv-thringen-ilb.de\/wordpress\/wp-content\/uploads\/2013\/12\/DSC_0158.jpg\"><img decoding=\"async\" loading=\"lazy\" class=\"size-medium wp-image-953 aligncenter\" src=\"http:\/\/xn--dmv-thringen-ilb.de\/wordpress\/wp-content\/uploads\/2013\/12\/DSC_0158-300x200.jpg\" alt=\"DSC_0158\" width=\"300\" height=\"200\" srcset=\"http:\/\/xn--dmv-thringen-ilb.de\/wordpress\/wp-content\/uploads\/2013\/12\/DSC_0158-300x200.jpg 300w, http:\/\/xn--dmv-thringen-ilb.de\/wordpress\/wp-content\/uploads\/2013\/12\/DSC_0158-1024x685.jpg 1024w, http:\/\/xn--dmv-thringen-ilb.de\/wordpress\/wp-content\/uploads\/2013\/12\/DSC_0158-448x300.jpg 448w\" sizes=\"(max-width: 300px) 100vw, 300px\" \/><\/a><\/p>\n<p>&nbsp;<\/p>\n<p style=\"text-align: left;\"><a href=\"http:\/\/dmv-thueringen.de\/wordpress\/wp-content\/uploads\/2013\/12\/Kart2.jpg\"><img decoding=\"async\" loading=\"lazy\" class=\"size-medium wp-image-1789 aligncenter\" src=\"http:\/\/dmv-thueringen.de\/wordpress\/wp-content\/uploads\/2013\/12\/Kart2-300x225.jpg\" alt=\"\" width=\"300\" height=\"225\" srcset=\"http:\/\/xn--dmv-thringen-ilb.de\/wordpress\/wp-content\/uploads\/2013\/12\/Kart2-300x225.jpg 300w, http:\/\/xn--dmv-thringen-ilb.de\/wordpress\/wp-content\/uploads\/2013\/12\/Kart2-768x576.jpg 768w, http:\/\/xn--dmv-thringen-ilb.de\/wordpress\/wp-content\/uploads\/2013\/12\/Kart2-400x300.jpg 400w, http:\/\/xn--dmv-thringen-ilb.de\/wordpress\/wp-content\/uploads\/2013\/12\/Kart2.jpg 800w\" sizes=\"(max-width: 300px) 100vw, 300px\" \/><\/a><\/p>\n<h1 style=\"text-align: center;\">Adresse<\/h1>\n<h3 style=\"text-align: center;\"><span style=\"color: #ff0000;\"><strong>DMV Landesgruppe Th\u00fcringen<\/strong><\/span><\/h3>\n<h3 style=\"text-align: center;\"><span style=\"color: #ff0000;\"><strong>Werner Stadermann<\/strong><\/span><\/h3>\n<h3 style=\"text-align: center;\"><span style=\"color: #ff0000;\"><strong>Clausewitzstra\u00dfe 53<\/strong><\/span><\/h3>\n<h3 style=\"text-align: center;\" align=\"left\"><span style=\"color: #ff0000;\"><strong>99099 Erfurt<\/strong><\/span><\/h3>\n<h3 style=\"text-align: center;\" align=\"left\"><span style=\"color: #ff0000;\"><strong>E-Mail: <a href=\"mailto:mmccvv@aol.com\"><span style=\"color: #ff0000;\">mmccvv(at)aol.com<\/span><\/a><\/strong><\/span><\/h3>\n","protected":false},"excerpt":{"rendered":"<p>Wir organisieren und f\u00fchren lizenzfreie, regionale Veranstaltungen im Motorrad-Biathlon (MB), Th\u00fcringer Offroad Cup (TOC), im Kartsport und im Rallye durch. &nbsp; Adresse DMV Landesgruppe Th\u00fcringen Werner Stadermann Clausewitzstra\u00dfe 53 99099 Erfurt E-Mail: mmccvv(at)aol.com<\/p>\n","protected":false},"author":1,"featured_media":0,"parent":0,"menu_order":1,"comment_status":"closed","ping_status":"closed","template":"","meta":[],"_links":{"self":[{"href":"http:\/\/xn--dmv-thringen-ilb.de\/index.php?rest_route=\/wp\/v2\/pages\/23"}],"collection":[{"href":"http:\/\/xn--dmv-thringen-ilb.de\/index.php?rest_route=\/wp\/v2\/pages"}],"about":[{"href":"http:\/\/xn--dmv-thringen-ilb.de\/index.php?rest_route=\/wp\/v2\/types\/page"}],"author":[{"embeddable":true,"href":"http:\/\/xn--dmv-thringen-ilb.de\/index.php?rest_route=\/wp\/v2\/users\/1"}],"replies":[{"embeddable":true,"href":"http:\/\/xn--dmv-thringen-ilb.de\/index.php?rest_route=%2Fwp%2Fv2%2Fcomments&post=23"}],"version-history":[{"count":20,"href":"http:\/\/xn--dmv-thringen-ilb.de\/index.php?rest_route=\/wp\/v2\/pages\/23\/revisions"}],"predecessor-version":[{"id":1790,"href":"http:\/\/xn--dmv-thringen-ilb.de\/index.php?rest_route=\/wp\/v2\/pages\/23\/revisions\/1790"}],"wp:attachment":[{"href":"http:\/\/xn--dmv-thringen-ilb.de\/index.php?rest_route=%2Fwp%2Fv2%2Fmedia&parent=23"}],"curies":[{"name":"wp","href":"https:\/\/api.w.org\/{rel}","templated":true}]}}